{"id":16,"date":"2024-04-16T05:43:30","date_gmt":"2024-04-16T08:43:30","guid":{"rendered":"https:\/\/demosites.royal-elementor-addons.com\/online-course-v1\/?page_id=16"},"modified":"2025-02-01T00:37:42","modified_gmt":"2025-02-01T03:37:42","slug":"contato","status":"publish","type":"page","link":"https:\/\/oticalojaodosoculos.com.br\/?page_id=16","title":{"rendered":"Contato"},"content":{"rendered":"\t\t<div data-elementor-type=\"wp-page\" data-elementor-id=\"16\" class=\"elementor elementor-16\" data-elementor-post-type=\"page\">\n\t\t\t\t\t\t<section class=\"elementor-section elementor-top-section elementor-element elementor-element-d1a1c68 elementor-section-boxed elementor-section-height-default elementor-section-height-default wpr-particle-no wpr-jarallax-no wpr-parallax-no wpr-sticky-section-no\" data-id=\"d1a1c68\" data-element_type=\"section\" data-settings=\"{&quot;background_background&quot;:&quot;classic&quot;}\">\n\t\t\t\t\t\t\t<div class=\"elementor-background-overlay\"><\/div>\n\t\t\t\t\t\t\t<div class=\"elementor-container elementor-column-gap-default\">\n\t\t\t\t\t<div class=\"elementor-column elementor-col-100 elementor-top-column elementor-element elementor-element-cc6c862\" data-id=\"cc6c862\" data-element_type=\"column\">\n\t\t\t<div class=\"elementor-widget-wrap elementor-element-populated\">\n\t\t\t\t\t\t<div class=\"elementor-element elementor-element-de44838 elementor-widget elementor-widget-heading\" data-id=\"de44838\" data-element_type=\"widget\" data-widget_type=\"heading.default\">\n\t\t\t\t<div class=\"elementor-widget-container\">\n\t\t\t<h2 class=\"elementor-heading-title elementor-size-default\">Contato<\/h2>\t\t<\/div>\n\t\t\t\t<\/div>\n\t\t\t\t\t<\/div>\n\t\t<\/div>\n\t\t\t\t\t<\/div>\n\t\t<\/section>\n\t\t<div class=\"elementor-element elementor-element-0e42b4b e-flex e-con-boxed wpr-particle-no wpr-jarallax-no wpr-parallax-no wpr-sticky-section-no e-con e-parent\" data-id=\"0e42b4b\" data-element_type=\"container\">\n\t\t\t\t\t<div class=\"e-con-inner\">\n\t\t<div class=\"elementor-element elementor-element-dfdeaeb e-con-full e-flex wpr-particle-no wpr-jarallax-no wpr-parallax-no wpr-sticky-section-no e-con e-child\" data-id=\"dfdeaeb\" data-element_type=\"container\">\n\t\t\t\t<div class=\"elementor-element elementor-element-ba0ac64 elementor-widget elementor-widget-heading\" data-id=\"ba0ac64\" data-element_type=\"widget\" data-widget_type=\"heading.default\">\n\t\t\t\t<div class=\"elementor-widget-container\">\n\t\t\t<h2 class=\"elementor-heading-title elementor-size-default\">Entre em contato com a nossa matriz:<\/h2>\t\t<\/div>\n\t\t\t\t<\/div>\n\t\t\t\t<div class=\"elementor-element elementor-element-82adf64 elementor-icon-list--layout-traditional elementor-list-item-link-full_width elementor-widget elementor-widget-icon-list\" data-id=\"82adf64\" data-element_type=\"widget\" data-widget_type=\"icon-list.default\">\n\t\t\t\t<div class=\"elementor-widget-container\">\n\t\t\t\t\t<ul class=\"elementor-icon-list-items\">\n\t\t\t\t\t\t\t<li class=\"elementor-icon-list-item\">\n\t\t\t\t\t\t\t\t\t\t\t<span class=\"elementor-icon-list-icon\">\n\t\t\t\t\t\t\t<svg aria-hidden=\"true\" class=\"e-font-icon-svg e-fas-phone-alt\" viewBox=\"0 0 512 512\" xmlns=\"http:\/\/www.w3.org\/2000\/svg\"><path d=\"M497.39 361.8l-112-48a24 24 0 0 0-28 6.9l-49.6 60.6A370.66 370.66 0 0 1 130.6 204.11l60.6-49.6a23.94 23.94 0 0 0 6.9-28l-48-112A24.16 24.16 0 0 0 122.6.61l-104 24A24 24 0 0 0 0 48c0 256.5 207.9 464 464 464a24 24 0 0 0 23.4-18.6l24-104a24.29 24.29 0 0 0-14.01-27.6z\"><\/path><\/svg>\t\t\t\t\t\t<\/span>\n\t\t\t\t\t\t\t\t\t\t<span class=\"elementor-icon-list-text\">15 3202-3719<\/span>\n\t\t\t\t\t\t\t\t\t<\/li>\n\t\t\t\t\t\t<\/ul>\n\t\t\t\t<\/div>\n\t\t\t\t<\/div>\n\t\t\t\t<\/div>\n\t\t<div class=\"elementor-element elementor-element-e3f0eb9 e-con-full e-flex wpr-particle-no wpr-jarallax-no wpr-parallax-no wpr-sticky-section-no e-con e-child\" data-id=\"e3f0eb9\" data-element_type=\"container\">\n\t\t\t\t<div class=\"elementor-element elementor-element-36aca5d elementor-widget elementor-widget-heading\" data-id=\"36aca5d\" data-element_type=\"widget\" data-widget_type=\"heading.default\">\n\t\t\t\t<div class=\"elementor-widget-container\">\n\t\t\t<h2 class=\"elementor-heading-title elementor-size-default\">Fa\u00e7a parte da nossa equipe!<\/h2>\t\t<\/div>\n\t\t\t\t<\/div>\n\t\t\t\t<div class=\"elementor-element elementor-element-bec89ed elementor-icon-list--layout-traditional elementor-list-item-link-full_width elementor-widget elementor-widget-icon-list\" data-id=\"bec89ed\" data-element_type=\"widget\" data-widget_type=\"icon-list.default\">\n\t\t\t\t<div class=\"elementor-widget-container\">\n\t\t\t\t\t<ul class=\"elementor-icon-list-items\">\n\t\t\t\t\t\t\t<li class=\"elementor-icon-list-item\">\n\t\t\t\t\t\t\t\t\t\t\t<span class=\"elementor-icon-list-icon\">\n\t\t\t\t\t\t\t<svg aria-hidden=\"true\" class=\"e-font-icon-svg e-fas-envelope\" viewBox=\"0 0 512 512\" xmlns=\"http:\/\/www.w3.org\/2000\/svg\"><path d=\"M502.3 190.8c3.9-3.1 9.7-.2 9.7 4.7V400c0 26.5-21.5 48-48 48H48c-26.5 0-48-21.5-48-48V195.6c0-5 5.7-7.8 9.7-4.7 22.4 17.4 52.1 39.5 154.1 113.6 21.1 15.4 56.7 47.8 92.2 47.6 35.7.3 72-32.8 92.3-47.6 102-74.1 131.6-96.3 154-113.7zM256 320c23.2.4 56.6-29.2 73.4-41.4 132.7-96.3 142.8-104.7 173.4-128.7 5.8-4.5 9.2-11.5 9.2-18.9v-19c0-26.5-21.5-48-48-48H48C21.5 64 0 85.5 0 112v19c0 7.4 3.4 14.3 9.2 18.9 30.6 23.9 40.7 32.4 173.4 128.7 16.8 12.2 50.2 41.8 73.4 41.4z\"><\/path><\/svg>\t\t\t\t\t\t<\/span>\n\t\t\t\t\t\t\t\t\t\t<span class=\"elementor-icon-list-text\"> rh@oticalojaodosoculos.com.br<\/span>\n\t\t\t\t\t\t\t\t\t<\/li>\n\t\t\t\t\t\t<\/ul>\n\t\t\t\t<\/div>\n\t\t\t\t<\/div>\n\t\t\t\t<\/div>\n\t\t\t\t\t<\/div>\n\t\t\t\t<\/div>\n\t\t<div class=\"elementor-element elementor-element-baa6c9e e-flex e-con-boxed wpr-particle-no wpr-jarallax-no wpr-parallax-no wpr-sticky-section-no e-con e-parent\" data-id=\"baa6c9e\" data-element_type=\"container\">\n\t\t\t\t\t<div class=\"e-con-inner\">\n\t\t\t\t<div class=\"elementor-element elementor-element-bdc63a5 elementor-widget elementor-widget-heading\" data-id=\"bdc63a5\" data-element_type=\"widget\" data-widget_type=\"heading.default\">\n\t\t\t\t<div class=\"elementor-widget-container\">\n\t\t\t<h2 class=\"elementor-heading-title elementor-size-default\">Confira as localiza\u00e7\u00f5es das nossas 12 unidades:<\/h2>\t\t<\/div>\n\t\t\t\t<\/div>\n\t\t\t\t<div class=\"elementor-element elementor-element-33ba2ae elementor-widget elementor-widget-wpr-google-maps\" data-id=\"33ba2ae\" data-element_type=\"widget\" data-widget_type=\"wpr-google-maps.default\">\n\t\t\t\t<div class=\"elementor-widget-container\">\n\t\t\t<div class=\"wpr-google-map\"  data-settings=\"{&quot;type&quot;:&quot;roadmap&quot;,&quot;style&quot;:&quot;default&quot;,&quot;zoom_depth&quot;:9,&quot;zoom_on_scroll&quot;:&quot;yes&quot;,&quot;cluster_markers&quot;:&quot;yes&quot;,&quot;clusters_url&quot;:&quot;https:\\\/\\\/oticalojaodosoculos.com.br\\\/wp-content\\\/plugins\\\/royal-elementor-addons\\\/assets\\\/js\\\/lib\\\/gmap\\\/clusters\\\/m&quot;,&quot;custom_style&quot;:&quot;&quot;}\" data-locations=\"[{&quot;_id&quot;:&quot;4faad03&quot;,&quot;gm_latitude&quot;:&quot;-23.492861&quot;,&quot;gm_longtitude&quot;:&quot;-47.510181&quot;,&quot;gm_show_info_window&quot;:&quot;click&quot;,&quot;gm_location_title&quot;:&quot;Wanel Ville&quot;,&quot;gm_location_description&quot;:&quot;AV. PAULO EMANUEL DE ALMEIDA, 123 - WANEL VILLE&quot;,&quot;gm_marker_animation&quot;:&quot;DROP&quot;,&quot;gm_info_window_width&quot;:{&quot;unit&quot;:&quot;px&quot;,&quot;size&quot;:300,&quot;sizes&quot;:[]},&quot;gm_custom_marker&quot;:&quot;&quot;,&quot;gm_marker_icon&quot;:{&quot;url&quot;:&quot;&quot;,&quot;id&quot;:&quot;&quot;,&quot;size&quot;:&quot;&quot;},&quot;gm_marker_icon_size_width&quot;:{&quot;unit&quot;:&quot;px&quot;,&quot;size&quot;:35,&quot;sizes&quot;:[]},&quot;gm_marker_icon_size_height&quot;:{&quot;unit&quot;:&quot;px&quot;,&quot;size&quot;:35,&quot;sizes&quot;:[]}},{&quot;gm_latitude&quot;:&quot;-23.451170&quot;,&quot;gm_longtitude&quot;:&quot;-47.482208&quot;,&quot;gm_show_info_window&quot;:&quot;click&quot;,&quot;gm_location_title&quot;:&quot;Itavuvu&quot;,&quot;gm_location_description&quot;:&quot;AV. ITAVUVU, 3951 - SANTA CEC\\u00cdLIA&quot;,&quot;gm_marker_animation&quot;:&quot;DROP&quot;,&quot;_id&quot;:&quot;f6430e2&quot;,&quot;gm_info_window_width&quot;:{&quot;unit&quot;:&quot;px&quot;,&quot;size&quot;:300,&quot;sizes&quot;:[]},&quot;gm_custom_marker&quot;:&quot;&quot;,&quot;gm_marker_icon&quot;:{&quot;url&quot;:&quot;&quot;,&quot;id&quot;:&quot;&quot;,&quot;size&quot;:&quot;&quot;},&quot;gm_marker_icon_size_width&quot;:{&quot;unit&quot;:&quot;px&quot;,&quot;size&quot;:35,&quot;sizes&quot;:[]},&quot;gm_marker_icon_size_height&quot;:{&quot;unit&quot;:&quot;px&quot;,&quot;size&quot;:35,&quot;sizes&quot;:[]}},{&quot;gm_latitude&quot;:&quot;-23.505650&quot;,&quot;gm_longtitude&quot;:&quot;-47.513740&quot;,&quot;gm_show_info_window&quot;:&quot;click&quot;,&quot;gm_location_title&quot;:&quot;J\\u00falio de Mesquita&quot;,&quot;gm_location_description&quot;:&quot;RUA DR. AM\\u00c9RICO FIGUEIREDO, 3.817 - J\\u00daLIO DE MESQUITA&quot;,&quot;gm_marker_animation&quot;:&quot;DROP&quot;,&quot;_id&quot;:&quot;b6ddffb&quot;,&quot;gm_info_window_width&quot;:{&quot;unit&quot;:&quot;px&quot;,&quot;size&quot;:300,&quot;sizes&quot;:[]},&quot;gm_custom_marker&quot;:&quot;&quot;,&quot;gm_marker_icon&quot;:{&quot;url&quot;:&quot;&quot;,&quot;id&quot;:&quot;&quot;,&quot;size&quot;:&quot;&quot;},&quot;gm_marker_icon_size_width&quot;:{&quot;unit&quot;:&quot;px&quot;,&quot;size&quot;:35,&quot;sizes&quot;:[]},&quot;gm_marker_icon_size_height&quot;:{&quot;unit&quot;:&quot;px&quot;,&quot;size&quot;:35,&quot;sizes&quot;:[]}},{&quot;gm_latitude&quot;:&quot;-23.50148233488131&quot;,&quot;gm_longtitude&quot;:&quot;-47.45130705183004&quot;,&quot;gm_show_info_window&quot;:&quot;click&quot;,&quot;gm_location_title&quot;:&quot;Nogueira Padilha&quot;,&quot;gm_location_description&quot;:&quot;AV. CEL. NOGUEIRA PADILHA, 1.294 - VILA HORT\\u00caNCIA&quot;,&quot;gm_marker_animation&quot;:&quot;DROP&quot;,&quot;_id&quot;:&quot;1fb0db1&quot;,&quot;gm_info_window_width&quot;:{&quot;unit&quot;:&quot;px&quot;,&quot;size&quot;:300,&quot;sizes&quot;:[]},&quot;gm_custom_marker&quot;:&quot;&quot;,&quot;gm_marker_icon&quot;:{&quot;url&quot;:&quot;&quot;,&quot;id&quot;:&quot;&quot;,&quot;size&quot;:&quot;&quot;},&quot;gm_marker_icon_size_width&quot;:{&quot;unit&quot;:&quot;px&quot;,&quot;size&quot;:35,&quot;sizes&quot;:[]},&quot;gm_marker_icon_size_height&quot;:{&quot;unit&quot;:&quot;px&quot;,&quot;size&quot;:35,&quot;sizes&quot;:[]}},{&quot;gm_latitude&quot;:&quot;-23.476580&quot;,&quot;gm_longtitude&quot;:&quot;-47.494230&quot;,&quot;gm_show_info_window&quot;:&quot;click&quot;,&quot;gm_location_title&quot;:&quot;Vila Helena&quot;,&quot;gm_location_description&quot;:&quot;RUA BELO HORIZONTE, 1.318 - VILA HELENA&quot;,&quot;gm_marker_animation&quot;:&quot;DROP&quot;,&quot;_id&quot;:&quot;75913ab&quot;,&quot;gm_info_window_width&quot;:{&quot;unit&quot;:&quot;px&quot;,&quot;size&quot;:300,&quot;sizes&quot;:[]},&quot;gm_custom_marker&quot;:&quot;&quot;,&quot;gm_marker_icon&quot;:{&quot;url&quot;:&quot;&quot;,&quot;id&quot;:&quot;&quot;,&quot;size&quot;:&quot;&quot;},&quot;gm_marker_icon_size_width&quot;:{&quot;unit&quot;:&quot;px&quot;,&quot;size&quot;:35,&quot;sizes&quot;:[]},&quot;gm_marker_icon_size_height&quot;:{&quot;unit&quot;:&quot;px&quot;,&quot;size&quot;:35,&quot;sizes&quot;:[]}},{&quot;gm_latitude&quot;:&quot;-23.495780&quot;,&quot;gm_longtitude&quot;:&quot;-47.438420&quot;,&quot;gm_show_info_window&quot;:&quot;click&quot;,&quot;gm_location_title&quot;:&quot;Av. S\\u00e3o Paulo&quot;,&quot;gm_location_description&quot;:&quot;AV. S\\u00c3O PAULO, 506 - AL\\u00c9M PONTE&quot;,&quot;gm_marker_animation&quot;:&quot;DROP&quot;,&quot;_id&quot;:&quot;d1f305b&quot;,&quot;gm_info_window_width&quot;:{&quot;unit&quot;:&quot;px&quot;,&quot;size&quot;:300,&quot;sizes&quot;:[]},&quot;gm_custom_marker&quot;:&quot;&quot;,&quot;gm_marker_icon&quot;:{&quot;url&quot;:&quot;&quot;,&quot;id&quot;:&quot;&quot;,&quot;size&quot;:&quot;&quot;},&quot;gm_marker_icon_size_width&quot;:{&quot;unit&quot;:&quot;px&quot;,&quot;size&quot;:35,&quot;sizes&quot;:[]},&quot;gm_marker_icon_size_height&quot;:{&quot;unit&quot;:&quot;px&quot;,&quot;size&quot;:35,&quot;sizes&quot;:[]}},{&quot;gm_latitude&quot;:&quot;-23.517230&quot;,&quot;gm_longtitude&quot;:&quot;-47.489620&quot;,&quot;gm_show_info_window&quot;:&quot;click&quot;,&quot;gm_location_title&quot;:&quot;Jd. Vera Cruz&quot;,&quot;gm_location_description&quot;:&quot;AV. ARMANDO PANNUNZIO, 429 - JD. VERA CRUZ&quot;,&quot;gm_marker_animation&quot;:&quot;DROP&quot;,&quot;_id&quot;:&quot;ecb5509&quot;,&quot;gm_info_window_width&quot;:{&quot;unit&quot;:&quot;px&quot;,&quot;size&quot;:300,&quot;sizes&quot;:[]},&quot;gm_custom_marker&quot;:&quot;&quot;,&quot;gm_marker_icon&quot;:{&quot;url&quot;:&quot;&quot;,&quot;id&quot;:&quot;&quot;,&quot;size&quot;:&quot;&quot;},&quot;gm_marker_icon_size_width&quot;:{&quot;unit&quot;:&quot;px&quot;,&quot;size&quot;:35,&quot;sizes&quot;:[]},&quot;gm_marker_icon_size_height&quot;:{&quot;unit&quot;:&quot;px&quot;,&quot;size&quot;:35,&quot;sizes&quot;:[]}},{&quot;gm_latitude&quot;:&quot;-23.522217443862015&quot;,&quot;gm_longtitude&quot;:&quot;-47.44132843390184&quot;,&quot;gm_show_info_window&quot;:&quot;click&quot;,&quot;gm_location_title&quot;:&quot;Barcelona&quot;,&quot;gm_location_description&quot;:&quot;RUA VENEZUELA, 671 - VILA BARCELONA&quot;,&quot;gm_marker_animation&quot;:&quot;DROP&quot;,&quot;_id&quot;:&quot;bde7090&quot;,&quot;gm_info_window_width&quot;:{&quot;unit&quot;:&quot;px&quot;,&quot;size&quot;:300,&quot;sizes&quot;:[]},&quot;gm_custom_marker&quot;:&quot;&quot;,&quot;gm_marker_icon&quot;:{&quot;url&quot;:&quot;&quot;,&quot;id&quot;:&quot;&quot;,&quot;size&quot;:&quot;&quot;},&quot;gm_marker_icon_size_width&quot;:{&quot;unit&quot;:&quot;px&quot;,&quot;size&quot;:35,&quot;sizes&quot;:[]},&quot;gm_marker_icon_size_height&quot;:{&quot;unit&quot;:&quot;px&quot;,&quot;size&quot;:35,&quot;sizes&quot;:[]}},{&quot;gm_latitude&quot;:&quot;-23.438850&quot;,&quot;gm_longtitude&quot;:&quot;-47.505070&quot;,&quot;gm_show_info_window&quot;:&quot;click&quot;,&quot;gm_location_title&quot;:&quot;Parque S\\u00e3o Bento&quot;,&quot;gm_location_description&quot;:&quot;AV. VINICIUS DE MORAES, 500 - PARQUE S\\u00c3O BENTO&quot;,&quot;gm_marker_animation&quot;:&quot;DROP&quot;,&quot;_id&quot;:&quot;0f3f6ab&quot;,&quot;gm_info_window_width&quot;:{&quot;unit&quot;:&quot;px&quot;,&quot;size&quot;:300,&quot;sizes&quot;:[]},&quot;gm_custom_marker&quot;:&quot;&quot;,&quot;gm_marker_icon&quot;:{&quot;url&quot;:&quot;&quot;,&quot;id&quot;:&quot;&quot;,&quot;size&quot;:&quot;&quot;},&quot;gm_marker_icon_size_width&quot;:{&quot;unit&quot;:&quot;px&quot;,&quot;size&quot;:35,&quot;sizes&quot;:[]},&quot;gm_marker_icon_size_height&quot;:{&quot;unit&quot;:&quot;px&quot;,&quot;size&quot;:35,&quot;sizes&quot;:[]}},{&quot;gm_latitude&quot;:&quot;-23.512300&quot;,&quot;gm_longtitude&quot;:&quot;-47.447190&quot;,&quot;gm_show_info_window&quot;:&quot;click&quot;,&quot;gm_location_title&quot;:&quot;Shopping Paron\\u00e2mico&quot;,&quot;gm_location_description&quot;:&quot;RODOVIA RAPOSO TAVARES, KM 99 - LOJA 144 - VILA ARTURA&quot;,&quot;gm_marker_animation&quot;:&quot;DROP&quot;,&quot;_id&quot;:&quot;b509ba0&quot;,&quot;gm_info_window_width&quot;:{&quot;unit&quot;:&quot;px&quot;,&quot;size&quot;:300,&quot;sizes&quot;:[]},&quot;gm_custom_marker&quot;:&quot;&quot;,&quot;gm_marker_icon&quot;:{&quot;url&quot;:&quot;&quot;,&quot;id&quot;:&quot;&quot;,&quot;size&quot;:&quot;&quot;},&quot;gm_marker_icon_size_width&quot;:{&quot;unit&quot;:&quot;px&quot;,&quot;size&quot;:35,&quot;sizes&quot;:[]},&quot;gm_marker_icon_size_height&quot;:{&quot;unit&quot;:&quot;px&quot;,&quot;size&quot;:35,&quot;sizes&quot;:[]}},{&quot;gm_latitude&quot;:&quot;-23.470770&quot;,&quot;gm_longtitude&quot;:&quot;-47.454260&quot;,&quot;gm_show_info_window&quot;:&quot;click&quot;,&quot;gm_location_title&quot;:&quot;Max Atacadista&quot;,&quot;gm_location_description&quot;:&quot;R. JO\\u00c3O RIBEIRO DE BARROS, 1411 LOJA 1 - JD. BRASILANDIA&quot;,&quot;gm_marker_animation&quot;:&quot;DROP&quot;,&quot;_id&quot;:&quot;cc0e40e&quot;,&quot;gm_info_window_width&quot;:{&quot;unit&quot;:&quot;px&quot;,&quot;size&quot;:300,&quot;sizes&quot;:[]},&quot;gm_custom_marker&quot;:&quot;&quot;,&quot;gm_marker_icon&quot;:{&quot;url&quot;:&quot;&quot;,&quot;id&quot;:&quot;&quot;,&quot;size&quot;:&quot;&quot;},&quot;gm_marker_icon_size_width&quot;:{&quot;unit&quot;:&quot;px&quot;,&quot;size&quot;:35,&quot;sizes&quot;:[]},&quot;gm_marker_icon_size_height&quot;:{&quot;unit&quot;:&quot;px&quot;,&quot;size&quot;:35,&quot;sizes&quot;:[]}},{&quot;gm_latitude&quot;:&quot;-23.541890&quot;,&quot;gm_longtitude&quot;:&quot;-47.451770&quot;,&quot;gm_show_info_window&quot;:&quot;click&quot;,&quot;gm_location_title&quot;:&quot;Jd. Icatu - Votorantim&quot;,&quot;gm_location_description&quot;:&quot;AV. S\\u00c3O JO\\u00c3O, 1.210 - JARDIM ICATU&quot;,&quot;gm_marker_animation&quot;:&quot;DROP&quot;,&quot;_id&quot;:&quot;e26f173&quot;,&quot;gm_info_window_width&quot;:{&quot;unit&quot;:&quot;px&quot;,&quot;size&quot;:300,&quot;sizes&quot;:[]},&quot;gm_custom_marker&quot;:&quot;&quot;,&quot;gm_marker_icon&quot;:{&quot;url&quot;:&quot;&quot;,&quot;id&quot;:&quot;&quot;,&quot;size&quot;:&quot;&quot;},&quot;gm_marker_icon_size_width&quot;:{&quot;unit&quot;:&quot;px&quot;,&quot;size&quot;:35,&quot;sizes&quot;:[]},&quot;gm_marker_icon_size_height&quot;:{&quot;unit&quot;:&quot;px&quot;,&quot;size&quot;:35,&quot;sizes&quot;:[]}}]\" data-controls=\"{&quot;type&quot;:&quot;yes&quot;,&quot;fullscreen&quot;:&quot;yes&quot;,&quot;zoom&quot;:&quot;yes&quot;,&quot;streetview&quot;:&quot;yes&quot;}\"><\/div>\t\t<\/div>\n\t\t\t\t<\/div>\n\t\t\t\t\t<\/div>\n\t\t\t\t<\/div>\n\t\t\t\t<\/div>\n\t\t","protected":false},"excerpt":{"rendered":"<p>Contato Entre em contato com a nossa matriz: 15 3202-3719 Fa\u00e7a parte da nossa equipe! rh@oticalojaodosoculos.com.br Confira as localiza\u00e7\u00f5es das nossas 12 unidades: Please go to plugin Settings and Insert Google Map API Key in order to make Google Maps work<\/p>\n","protected":false},"author":1,"featured_media":0,"parent":0,"menu_order":0,"comment_status":"closed","ping_status":"closed","template":"elementor_canvas","meta":{"footnotes":""},"class_list":["post-16","page","type-page","status-publish","hentry"],"_links":{"self":[{"href":"https:\/\/oticalojaodosoculos.com.br\/index.php?rest_route=\/wp\/v2\/pages\/16","targetHints":{"allow":["GET"]}}],"collection":[{"href":"https:\/\/oticalojaodosoculos.com.br\/index.php?rest_route=\/wp\/v2\/pages"}],"about":[{"href":"https:\/\/oticalojaodosoculos.com.br\/index.php?rest_route=\/wp\/v2\/types\/page"}],"author":[{"embeddable":true,"href":"https:\/\/oticalojaodosoculos.com.br\/index.php?rest_route=\/wp\/v2\/users\/1"}],"replies":[{"embeddable":true,"href":"https:\/\/oticalojaodosoculos.com.br\/index.php?rest_route=%2Fwp%2Fv2%2Fcomments&post=16"}],"version-history":[{"count":118,"href":"https:\/\/oticalojaodosoculos.com.br\/index.php?rest_route=\/wp\/v2\/pages\/16\/revisions"}],"predecessor-version":[{"id":2163,"href":"https:\/\/oticalojaodosoculos.com.br\/index.php?rest_route=\/wp\/v2\/pages\/16\/revisions\/2163"}],"wp:attachment":[{"href":"https:\/\/oticalojaodosoculos.com.br\/index.php?rest_route=%2Fwp%2Fv2%2Fmedia&parent=16"}],"curies":[{"name":"wp","href":"https:\/\/api.w.org\/{rel}","templated":true}]}}